{"id":785,"date":"2019-09-06T03:51:18","date_gmt":"2019-09-06T03:51:18","guid":{"rendered":"http:\/\/www.embaseo.com\/?page_id=785"},"modified":"2019-09-19T14:44:44","modified_gmt":"2019-09-19T14:44:44","slug":"corte-de-cesped-y-poda-de-arboles","status":"publish","type":"page","link":"https:\/\/www.embaseo.com\/?page_id=785","title":{"rendered":"Corte de c\u00e9sped y poda de \u00e1rboles"},"content":{"rendered":"\n<p>Consiste en cortar el pasto y  ramas de los \u00e1rboles ubicados en \u00e1reas verdes p\u00fablicas sin restricci\u00f3n de acceso, mediante el uso de equipos manuales o mec\u00e1nicos que incluye el bordeo y plateo. Comprende la recolecci\u00f3n y transporte del material obtenido hasta los sitios de aprovechamiento prioritariamente o de disposici\u00f3n final. (Numeral 14, Art\u00edculo 2.3.2.1.1 Decreto 1077 de 2015).<\/p>\n\n\n\n<figure class=\"wp-block-image is-resized\"><img decoding=\"async\" loading=\"lazy\" src=\"http:\/\/www.embaseo.com\/wp-content\/uploads\/2019\/09\/cesped-5.png\" alt=\"\" class=\"wp-image-1634\" width=\"460\" height=\"197\" srcset=\"https:\/\/www.embaseo.com\/wp-content\/uploads\/2019\/09\/cesped-5.png 700w, https:\/\/www.embaseo.com\/wp-content\/uploads\/2019\/09\/cesped-5-300x129.png 300w\" sizes=\"(max-width: 460px) 100vw, 460px\" \/><\/figure>\n","protected":false},"excerpt":{"rendered":"<p>Consiste en cortar el pasto y ramas de los \u00e1rboles ubicados en \u00e1reas verdes p\u00fablicas sin restricci\u00f3n de acceso, mediante el uso de equipos manuales o mec\u00e1nicos que incluye el bordeo y plateo. Comprende la recolecci\u00f3n y transporte del material obtenido hasta los sitios de aprovechamiento prioritariamente o de disposici\u00f3n final. (Numeral 14, Art\u00edculo 2.3.2.1.1 &#8230; <a title=\"Corte de c\u00e9sped y poda de \u00e1rboles\" class=\"read-more\" href=\"https:\/\/www.embaseo.com\/?page_id=785\" aria-label=\"M\u00e1s en Corte de c\u00e9sped y poda de \u00e1rboles\">Leer m\u00e1s<\/a><\/p>\n","protected":false},"author":1,"featured_media":0,"parent":0,"menu_order":0,"comment_status":"closed","ping_status":"closed","template":"","meta":[],"_links":{"self":[{"href":"https:\/\/www.embaseo.com\/index.php?rest_route=\/wp\/v2\/pages\/785"}],"collection":[{"href":"https:\/\/www.embaseo.com\/index.php?rest_route=\/wp\/v2\/pages"}],"about":[{"href":"https:\/\/www.embaseo.com\/index.php?rest_route=\/wp\/v2\/types\/page"}],"author":[{"embeddable":true,"href":"https:\/\/www.embaseo.com\/index.php?rest_route=\/wp\/v2\/users\/1"}],"replies":[{"embeddable":true,"href":"https:\/\/www.embaseo.com\/index.php?rest_route=%2Fwp%2Fv2%2Fcomments&post=785"}],"version-history":[{"count":7,"href":"https:\/\/www.embaseo.com\/index.php?rest_route=\/wp\/v2\/pages\/785\/revisions"}],"predecessor-version":[{"id":1635,"href":"https:\/\/www.embaseo.com\/index.php?rest_route=\/wp\/v2\/pages\/785\/revisions\/1635"}],"wp:attachment":[{"href":"https:\/\/www.embaseo.com\/index.php?rest_route=%2Fwp%2Fv2%2Fmedia&parent=785"}],"curies":[{"name":"wp","href":"https:\/\/api.w.org\/{rel}","templated":true}]}}