{"id":782,"date":"2019-09-06T03:47:13","date_gmt":"2019-09-06T03:47:13","guid":{"rendered":"http:\/\/www.embaseo.com\/?page_id=782"},"modified":"2019-09-29T04:29:46","modified_gmt":"2019-09-29T04:29:46","slug":"mantenimiento-de-cestas","status":"publish","type":"page","link":"https:\/\/www.embaseo.com\/?page_id=782","title":{"rendered":"Mantenimiento de cestas"},"content":{"rendered":"\n<p><\/p>\n\n\n\n<p>La instalaci\u00f3n y mantenimiento de cestas p\u00fablicas hacen parte del <strong>Costo de Limpieza Urbana por Suscriptor<\/strong>(<strong>CLUS)<\/strong>, el cual es regulado por la&nbsp;<strong><a rel=\"noreferrer noopener\" href=\"https:\/\/www.promoambientaldistrito.com\/web\/wp-content\/uploads\/2018\/09\/Resolucion-CRA-720-de-2015.pdf\" target=\"_blank\">Resoluci\u00f3n 720 de 2015<\/a><\/strong> en la que se establece el r\u00e9gimen de regulaci\u00f3n tarifaria de los operadores que prestan el servicio de aseo p\u00fablico. <\/p>\n\n\n\n<figure class=\"wp-block-image is-resized\"><img decoding=\"async\" loading=\"lazy\" src=\"http:\/\/www.embaseo.com\/wp-content\/uploads\/2019\/09\/cestas-1.png\" alt=\"\" class=\"wp-image-1449\" width=\"460\" height=\"197\" srcset=\"https:\/\/www.embaseo.com\/wp-content\/uploads\/2019\/09\/cestas-1.png 700w, https:\/\/www.embaseo.com\/wp-content\/uploads\/2019\/09\/cestas-1-300x129.png 300w\" sizes=\"(max-width: 460px) 100vw, 460px\" \/><\/figure>\n","protected":false},"excerpt":{"rendered":"<p>La instalaci\u00f3n y mantenimiento de cestas p\u00fablicas hacen parte del Costo de Limpieza Urbana por Suscriptor(CLUS), el cual es regulado por la&nbsp;Resoluci\u00f3n 720 de 2015 en la que se establece el r\u00e9gimen de regulaci\u00f3n tarifaria de los operadores que prestan el servicio de aseo p\u00fablico.<\/p>\n","protected":false},"author":1,"featured_media":0,"parent":0,"menu_order":0,"comment_status":"closed","ping_status":"closed","template":"","meta":[],"_links":{"self":[{"href":"https:\/\/www.embaseo.com\/index.php?rest_route=\/wp\/v2\/pages\/782"}],"collection":[{"href":"https:\/\/www.embaseo.com\/index.php?rest_route=\/wp\/v2\/pages"}],"about":[{"href":"https:\/\/www.embaseo.com\/index.php?rest_route=\/wp\/v2\/types\/page"}],"author":[{"embeddable":true,"href":"https:\/\/www.embaseo.com\/index.php?rest_route=\/wp\/v2\/users\/1"}],"replies":[{"embeddable":true,"href":"https:\/\/www.embaseo.com\/index.php?rest_route=%2Fwp%2Fv2%2Fcomments&post=782"}],"version-history":[{"count":14,"href":"https:\/\/www.embaseo.com\/index.php?rest_route=\/wp\/v2\/pages\/782\/revisions"}],"predecessor-version":[{"id":2491,"href":"https:\/\/www.embaseo.com\/index.php?rest_route=\/wp\/v2\/pages\/782\/revisions\/2491"}],"wp:attachment":[{"href":"https:\/\/www.embaseo.com\/index.php?rest_route=%2Fwp%2Fv2%2Fmedia&parent=782"}],"curies":[{"name":"wp","href":"https:\/\/api.w.org\/{rel}","templated":true}]}}