{"id":779,"date":"2019-09-06T03:33:20","date_gmt":"2019-09-06T03:33:20","guid":{"rendered":"http:\/\/www.embaseo.com\/?page_id=779"},"modified":"2019-09-19T16:35:14","modified_gmt":"2019-09-19T16:35:14","slug":"limpieza-de-riveras","status":"publish","type":"page","link":"https:\/\/www.embaseo.com\/?page_id=779","title":{"rendered":"Limpieza de riberas"},"content":{"rendered":"\n<p>\n\nLa conservaci\u00f3n de nuestros r\u00edos y riberas, de la naturaleza en general, no solo consiste en restringir y prohibir determinadas actuaciones humanas, sino que transcurre necesariamente por la sensibilizaci\u00f3n e implicaci\u00f3n directa de la ciudadan\u00eda, tanto en la toma de decisiones como en la participaci\u00f3n activa en acciones de mejora ambiental. \n\n<\/p>\n\n\n\n<figure class=\"wp-block-image is-resized\"><img decoding=\"async\" loading=\"lazy\" src=\"http:\/\/www.embaseo.com\/wp-content\/uploads\/2019\/09\/riberas-2.png\" alt=\"\" class=\"wp-image-1443\" width=\"460\" height=\"197\" srcset=\"https:\/\/www.embaseo.com\/wp-content\/uploads\/2019\/09\/riberas-2.png 700w, https:\/\/www.embaseo.com\/wp-content\/uploads\/2019\/09\/riberas-2-300x129.png 300w\" sizes=\"(max-width: 460px) 100vw, 460px\" \/><\/figure>\n\n\n\n<p> <\/p>\n","protected":false},"excerpt":{"rendered":"<p>La conservaci\u00f3n de nuestros r\u00edos y riberas, de la naturaleza en general, no solo consiste en restringir y prohibir determinadas actuaciones humanas, sino que transcurre necesariamente por la sensibilizaci\u00f3n e implicaci\u00f3n directa de la ciudadan\u00eda, tanto en la toma de decisiones como en la participaci\u00f3n activa en acciones de mejora ambiental.<\/p>\n","protected":false},"author":1,"featured_media":0,"parent":0,"menu_order":0,"comment_status":"closed","ping_status":"closed","template":"","meta":[],"_links":{"self":[{"href":"https:\/\/www.embaseo.com\/index.php?rest_route=\/wp\/v2\/pages\/779"}],"collection":[{"href":"https:\/\/www.embaseo.com\/index.php?rest_route=\/wp\/v2\/pages"}],"about":[{"href":"https:\/\/www.embaseo.com\/index.php?rest_route=\/wp\/v2\/types\/page"}],"author":[{"embeddable":true,"href":"https:\/\/www.embaseo.com\/index.php?rest_route=\/wp\/v2\/users\/1"}],"replies":[{"embeddable":true,"href":"https:\/\/www.embaseo.com\/index.php?rest_route=%2Fwp%2Fv2%2Fcomments&post=779"}],"version-history":[{"count":9,"href":"https:\/\/www.embaseo.com\/index.php?rest_route=\/wp\/v2\/pages\/779\/revisions"}],"predecessor-version":[{"id":1646,"href":"https:\/\/www.embaseo.com\/index.php?rest_route=\/wp\/v2\/pages\/779\/revisions\/1646"}],"wp:attachment":[{"href":"https:\/\/www.embaseo.com\/index.php?rest_route=%2Fwp%2Fv2%2Fmedia&parent=779"}],"curies":[{"name":"wp","href":"https:\/\/api.w.org\/{rel}","templated":true}]}}