{"id":772,"date":"2019-09-06T03:13:48","date_gmt":"2019-09-06T03:13:48","guid":{"rendered":"http:\/\/www.embaseo.com\/?page_id=772"},"modified":"2019-10-08T13:24:26","modified_gmt":"2019-10-08T13:24:26","slug":"dispocision-final","status":"publish","type":"page","link":"https:\/\/www.embaseo.com\/?page_id=772","title":{"rendered":"Disposici\u00f3n final de res\u00edduos"},"content":{"rendered":"\n<p>Acci\u00f3n de depositar o confinar permanentemente&nbsp; <strong>res\u00edduos<\/strong>&nbsp;en sitios e instalaciones cuyas caracter\u00edsticas permitan prevenir su liberaci\u00f3n al ambiente y las consecuentes afectaciones a la salud de la poblaci\u00f3n y a los ecosistemas y sus elementos. <\/p>\n\n\n\n<div class=\"wp-block-image\"><figure class=\"alignleft\"><img decoding=\"async\" loading=\"lazy\" width=\"700\" height=\"300\" src=\"http:\/\/www.embaseo.com\/wp-content\/uploads\/2019\/09\/dispocision-1.png\" alt=\"\" class=\"wp-image-1439\" srcset=\"https:\/\/www.embaseo.com\/wp-content\/uploads\/2019\/09\/dispocision-1.png 700w, https:\/\/www.embaseo.com\/wp-content\/uploads\/2019\/09\/dispocision-1-300x129.png 300w\" sizes=\"(max-width: 700px) 100vw, 700px\" \/><\/figure><\/div>\n","protected":false},"excerpt":{"rendered":"<p>Acci\u00f3n de depositar o confinar permanentemente&nbsp; res\u00edduos&nbsp;en sitios e instalaciones cuyas caracter\u00edsticas permitan prevenir su liberaci\u00f3n al ambiente y las consecuentes afectaciones a la salud de la poblaci\u00f3n y a los ecosistemas y sus elementos.<\/p>\n","protected":false},"author":1,"featured_media":0,"parent":0,"menu_order":0,"comment_status":"closed","ping_status":"closed","template":"","meta":[],"_links":{"self":[{"href":"https:\/\/www.embaseo.com\/index.php?rest_route=\/wp\/v2\/pages\/772"}],"collection":[{"href":"https:\/\/www.embaseo.com\/index.php?rest_route=\/wp\/v2\/pages"}],"about":[{"href":"https:\/\/www.embaseo.com\/index.php?rest_route=\/wp\/v2\/types\/page"}],"author":[{"embeddable":true,"href":"https:\/\/www.embaseo.com\/index.php?rest_route=\/wp\/v2\/users\/1"}],"replies":[{"embeddable":true,"href":"https:\/\/www.embaseo.com\/index.php?rest_route=%2Fwp%2Fv2%2Fcomments&post=772"}],"version-history":[{"count":12,"href":"https:\/\/www.embaseo.com\/index.php?rest_route=\/wp\/v2\/pages\/772\/revisions"}],"predecessor-version":[{"id":2661,"href":"https:\/\/www.embaseo.com\/index.php?rest_route=\/wp\/v2\/pages\/772\/revisions\/2661"}],"wp:attachment":[{"href":"https:\/\/www.embaseo.com\/index.php?rest_route=%2Fwp%2Fv2%2Fmedia&parent=772"}],"curies":[{"name":"wp","href":"https:\/\/api.w.org\/{rel}","templated":true}]}}