{"id":768,"date":"2019-09-06T03:03:35","date_gmt":"2019-09-06T03:03:35","guid":{"rendered":"http:\/\/www.embaseo.com\/?page_id=768"},"modified":"2019-09-19T16:36:21","modified_gmt":"2019-09-19T16:36:21","slug":"limpieza-de-vias","status":"publish","type":"page","link":"https:\/\/www.embaseo.com\/?page_id=768","title":{"rendered":"Limpieza de v\u00edas"},"content":{"rendered":"\n<p> Es la actividad del servicio p\u00fablico de aseo que consiste en el conjunto de acciones tendientes a dejar las \u00e1reas y las&nbsp;<strong>v\u00edas p\u00fablicas<\/strong>&nbsp;libres de todo residuo s\u00f3lido, esparcido o acumulado, de manera que dichas \u00e1reas queden libres de papeles, hojas, arenilla y similares y de cualquier otro objeto o material susceptibles &#8230; <\/p>\n\n\n\n<figure class=\"wp-block-image is-resized\"><img decoding=\"async\" loading=\"lazy\" src=\"http:\/\/www.embaseo.com\/wp-content\/uploads\/2019\/09\/barrido2-5.png\" alt=\"\" class=\"wp-image-1479\" width=\"460\" height=\"197\"\/><\/figure>\n","protected":false},"excerpt":{"rendered":"<p>Es la actividad del servicio p\u00fablico de aseo que consiste en el conjunto de acciones tendientes a dejar las \u00e1reas y las&nbsp;v\u00edas p\u00fablicas&nbsp;libres de todo residuo s\u00f3lido, esparcido o acumulado, de manera que dichas \u00e1reas queden libres de papeles, hojas, arenilla y similares y de cualquier otro objeto o material susceptibles &#8230;<\/p>\n","protected":false},"author":1,"featured_media":0,"parent":0,"menu_order":0,"comment_status":"closed","ping_status":"closed","template":"","meta":[],"_links":{"self":[{"href":"https:\/\/www.embaseo.com\/index.php?rest_route=\/wp\/v2\/pages\/768"}],"collection":[{"href":"https:\/\/www.embaseo.com\/index.php?rest_route=\/wp\/v2\/pages"}],"about":[{"href":"https:\/\/www.embaseo.com\/index.php?rest_route=\/wp\/v2\/types\/page"}],"author":[{"embeddable":true,"href":"https:\/\/www.embaseo.com\/index.php?rest_route=\/wp\/v2\/users\/1"}],"replies":[{"embeddable":true,"href":"https:\/\/www.embaseo.com\/index.php?rest_route=%2Fwp%2Fv2%2Fcomments&post=768"}],"version-history":[{"count":11,"href":"https:\/\/www.embaseo.com\/index.php?rest_route=\/wp\/v2\/pages\/768\/revisions"}],"predecessor-version":[{"id":1647,"href":"https:\/\/www.embaseo.com\/index.php?rest_route=\/wp\/v2\/pages\/768\/revisions\/1647"}],"wp:attachment":[{"href":"https:\/\/www.embaseo.com\/index.php?rest_route=%2Fwp%2Fv2%2Fmedia&parent=768"}],"curies":[{"name":"wp","href":"https:\/\/api.w.org\/{rel}","templated":true}]}}