{"id":711,"date":"2019-09-05T23:18:45","date_gmt":"2019-09-05T23:18:45","guid":{"rendered":"http:\/\/www.embaseo.com\/?page_id=711"},"modified":"2019-09-29T03:03:30","modified_gmt":"2019-09-29T03:03:30","slug":"politicas","status":"publish","type":"page","link":"https:\/\/www.embaseo.com\/?page_id=711","title":{"rendered":"Pol\u00edticas"},"content":{"rendered":"\n<p><strong>Las Pol\u00edticas Social y Medio Ambiental, la Pol\u00edtica de Calidad y la Pol\u00edtica Comercial en sus diferentes Programas y Proyectos.<\/strong><\/p>\n\n\n\n<p>Consideramos que la \u201c<strong>Pol\u00edtica Social y Medio Ambiental<\/strong>\u201d es la que m\u00e1s impacta a los habitantes del Municipio de Barbosa, la Empresa busca la participaci\u00f3n ciudadana en el manejo adecuado de los residuos s\u00f3lidos, a trav\u00e9s del \u201cComit\u00e9 de Control Social\u201d para lograr la \u201ccultura de la no basura\u201d por los usuarios atendidos por la Empresa en la prestaci\u00f3n de Servicio P\u00fablico Domiciliario de Aseo, pretendemos lograr la minimizaci\u00f3n de los residuos s\u00f3lidos y&nbsp; trav\u00e9s de las Empresas de recicladores lograr el reh\u00faso o reutilizaci\u00f3n de los residuos en especial los inorg\u00e1nicos y en lo tocante a los org\u00e1nicos con la implementaci\u00f3n de t\u00e9cnicas como el compostaje, la lombricultura, etc.<\/p>\n\n\n\n<p>En cuanto a la \u201c<strong>Pol\u00edtica de Calidad<\/strong>\u201d, se busca la satisfacci\u00f3n de sus clientes a trav\u00e9s de la prestaci\u00f3n oportuna, eficiente y continua del servicio p\u00fablico domiciliario de aseo; por parte de la Empresa, se espera optimizar el uso del equipo de transporte y mantener las rutas en la medidas de la prestaci\u00f3n del servicio adecuado, en la zona rural con la mejora de algunas v\u00edas veredales se ha logrado atender pronta y eficientemente las veredas que atendemos en estos sectores.<\/p>\n\n\n\n<p>Se espera en \u00e9sta\npol\u00edtica continuar mejorando la tecnolog\u00eda existente en implementar las\ncapacitaciones a los trabajadores de la parte operativa y administrativa,\nacorde con las exigencias de los sistemas de gesti\u00f3n.<\/p>\n\n\n\n<p>Continuaremos, en la \u201c<strong>Pol\u00edtica Comercial<\/strong>\u201d, una adecuada relaci\u00f3n con los clientes como medio para mejorar el posicionamiento empresarial y facilitar las labores cotidianas.<\/p>\n\n\n\n<p>Aspiramos cautivar\nnuevos usuarios, para ampliar nuestra cobertura y en especial aquellos\npertenecientes al sector industrial y comercial que nos permitan mejorar el\nservicio p\u00fablico de aseo en el Municipio.<\/p>\n","protected":false},"excerpt":{"rendered":"<p>Las Pol\u00edticas Social y Medio Ambiental, la Pol\u00edtica de Calidad y la Pol\u00edtica Comercial en sus diferentes Programas y Proyectos. Consideramos que la \u201cPol\u00edtica Social y Medio Ambiental\u201d es la que m\u00e1s impacta a los habitantes del Municipio de Barbosa, la Empresa busca la participaci\u00f3n ciudadana en el manejo adecuado de los residuos s\u00f3lidos, a &#8230; <a title=\"Pol\u00edticas\" class=\"read-more\" href=\"https:\/\/www.embaseo.com\/?page_id=711\" aria-label=\"M\u00e1s en Pol\u00edticas\">Leer m\u00e1s<\/a><\/p>\n","protected":false},"author":1,"featured_media":0,"parent":0,"menu_order":0,"comment_status":"closed","ping_status":"closed","template":"","meta":[],"_links":{"self":[{"href":"https:\/\/www.embaseo.com\/index.php?rest_route=\/wp\/v2\/pages\/711"}],"collection":[{"href":"https:\/\/www.embaseo.com\/index.php?rest_route=\/wp\/v2\/pages"}],"about":[{"href":"https:\/\/www.embaseo.com\/index.php?rest_route=\/wp\/v2\/types\/page"}],"author":[{"embeddable":true,"href":"https:\/\/www.embaseo.com\/index.php?rest_route=\/wp\/v2\/users\/1"}],"replies":[{"embeddable":true,"href":"https:\/\/www.embaseo.com\/index.php?rest_route=%2Fwp%2Fv2%2Fcomments&post=711"}],"version-history":[{"count":2,"href":"https:\/\/www.embaseo.com\/index.php?rest_route=\/wp\/v2\/pages\/711\/revisions"}],"predecessor-version":[{"id":2469,"href":"https:\/\/www.embaseo.com\/index.php?rest_route=\/wp\/v2\/pages\/711\/revisions\/2469"}],"wp:attachment":[{"href":"https:\/\/www.embaseo.com\/index.php?rest_route=%2Fwp%2Fv2%2Fmedia&parent=711"}],"curies":[{"name":"wp","href":"https:\/\/api.w.org\/{rel}","templated":true}]}}