{"id":2450,"date":"2019-09-29T02:18:33","date_gmt":"2019-09-29T02:18:33","guid":{"rendered":"http:\/\/www.embaseo.com\/?page_id=2450"},"modified":"2019-09-29T02:22:46","modified_gmt":"2019-09-29T02:22:46","slug":"mision","status":"publish","type":"page","link":"https:\/\/www.embaseo.com\/?page_id=2450","title":{"rendered":"Misi\u00f3n y Visi\u00f3n"},"content":{"rendered":"\n<p><strong>Visi\u00f3n<\/strong><\/p>\n\n\n\n<p>En el 2019 ser una empresa&nbsp;de servicios p\u00fablicos\nl\u00edder en el servicio de aseo y actividades complementarias, reconocida por su\ncompetitividad, el desarrollo de nuevas tecnolog\u00edas y la transformaci\u00f3n\ncultural de la comunidad en el manejo adecuado de los residuos s\u00f3lidos, con un\ncapital humano calificado y productivo. Nuestro compromiso es el bienestar de\nla comunidad, el beneficio social y la preservaci\u00f3n del medio ambiente tanto a\nnivel municipal como regional.<\/p>\n\n\n\n<p><strong>Misi\u00f3n<\/strong><\/p>\n\n\n\n<p>Prestar el servicio p\u00fablico de aseo a nuestros\nclientes bajo los criterios de eficiencia, transparencia, competitividad,\ncalidad rentabilidad social y econ\u00f3mica, con participaci\u00f3n ciudadana y &nbsp;\nvocaci\u00f3n de servicio. Contribuyendo a mejorar la calidad de vida de las\ncomunidades en las que operamos, el bienestar de nuestros trabajadores y la\nconservaci\u00f3n del medio ambiente y&nbsp;desarrollo sostenible.<\/p>\n","protected":false},"excerpt":{"rendered":"<p>Visi\u00f3n En el 2019 ser una empresa&nbsp;de servicios p\u00fablicos l\u00edder en el servicio de aseo y actividades complementarias, reconocida por su competitividad, el desarrollo de nuevas tecnolog\u00edas y la transformaci\u00f3n cultural de la comunidad en el manejo adecuado de los residuos s\u00f3lidos, con un capital humano calificado y productivo. Nuestro compromiso es el bienestar de &#8230; <a title=\"Misi\u00f3n y Visi\u00f3n\" class=\"read-more\" href=\"https:\/\/www.embaseo.com\/?page_id=2450\" aria-label=\"M\u00e1s en Misi\u00f3n y Visi\u00f3n\">Leer m\u00e1s<\/a><\/p>\n","protected":false},"author":1,"featured_media":0,"parent":0,"menu_order":0,"comment_status":"closed","ping_status":"closed","template":"","meta":[],"_links":{"self":[{"href":"https:\/\/www.embaseo.com\/index.php?rest_route=\/wp\/v2\/pages\/2450"}],"collection":[{"href":"https:\/\/www.embaseo.com\/index.php?rest_route=\/wp\/v2\/pages"}],"about":[{"href":"https:\/\/www.embaseo.com\/index.php?rest_route=\/wp\/v2\/types\/page"}],"author":[{"embeddable":true,"href":"https:\/\/www.embaseo.com\/index.php?rest_route=\/wp\/v2\/users\/1"}],"replies":[{"embeddable":true,"href":"https:\/\/www.embaseo.com\/index.php?rest_route=%2Fwp%2Fv2%2Fcomments&post=2450"}],"version-history":[{"count":2,"href":"https:\/\/www.embaseo.com\/index.php?rest_route=\/wp\/v2\/pages\/2450\/revisions"}],"predecessor-version":[{"id":2454,"href":"https:\/\/www.embaseo.com\/index.php?rest_route=\/wp\/v2\/pages\/2450\/revisions\/2454"}],"wp:attachment":[{"href":"https:\/\/www.embaseo.com\/index.php?rest_route=%2Fwp%2Fv2%2Fmedia&parent=2450"}],"curies":[{"name":"wp","href":"https:\/\/api.w.org\/{rel}","templated":true}]}}