{"id":244,"date":"2015-12-17T07:17:45","date_gmt":"2015-12-17T07:17:45","guid":{"rendered":"http:\/\/webriti.com\/demo\/wp\/lite\/rambo\/?page_id=6"},"modified":"2019-10-08T13:45:15","modified_gmt":"2019-10-08T13:45:15","slug":"home","status":"publish","type":"page","link":"https:\/\/www.embaseo.com\/?page_id=244","title":{"rendered":"Qui\u00e9nes somos"},"content":{"rendered":"\n<h2 style=\"text-align:left\"><strong> EMBASEO S.A E.S.P.<\/strong>  <\/h2>\n\n\n\n<h2> <\/h2>\n\n\n\n<ul class=\"is-layout-flex wp-block-gallery-1 wp-block-gallery alignwide columns-1 is-cropped\"><li class=\"blocks-gallery-item\"><figure><img decoding=\"async\" loading=\"lazy\" width=\"700\" height=\"300\" src=\"http:\/\/www.embaseo.com\/wp-content\/uploads\/2019\/09\/camion-4.png\" alt=\"\" data-id=\"1421\" data-link=\"http:\/\/www.embaseo.com\/?attachment_id=1421\" class=\"wp-image-1421\" srcset=\"https:\/\/www.embaseo.com\/wp-content\/uploads\/2019\/09\/camion-4.png 700w, https:\/\/www.embaseo.com\/wp-content\/uploads\/2019\/09\/camion-4-300x129.png 300w\" sizes=\"(max-width: 700px) 100vw, 700px\" \/><\/figure><\/li><\/ul>\n\n\n\n<p class=\"has-normal-font-size\"> La Empresa de Servicios Publicos de Barbosa S A tiene como domicilio principal de su actividad la direcci\u00f3n, CALLE 18 #17 13 en la ciudad de BARBOSA, ANTIOQUIA. El tel\u00e9fono de Empresa De Servicios Publicos De Barbosa S A es el (4)4061879. Esta empresa fu\u00e9 constituida como SOCIEDAD ANONIMA y se dedica a Recoleccion de desechos no peligrosos. <\/p>\n\n\n\n<p><strong>&nbsp; &nbsp; &nbsp;<\/strong><\/p>\n","protected":false},"excerpt":{"rendered":"<p>EMBASEO S.A E.S.P. La Empresa de Servicios Publicos de Barbosa S A tiene como domicilio principal de su actividad la direcci\u00f3n, CALLE 18 #17 13 en la ciudad de BARBOSA, ANTIOQUIA. El tel\u00e9fono de Empresa De Servicios Publicos De Barbosa S A es el (4)4061879. Esta empresa fu\u00e9 constituida como SOCIEDAD ANONIMA y se dedica &#8230; <a title=\"Qui\u00e9nes somos\" class=\"read-more\" href=\"https:\/\/www.embaseo.com\/?page_id=244\" aria-label=\"M\u00e1s en Qui\u00e9nes somos\">Leer m\u00e1s<\/a><\/p>\n","protected":false},"author":1,"featured_media":0,"parent":0,"menu_order":0,"comment_status":"closed","ping_status":"closed","template":"","meta":[],"_links":{"self":[{"href":"https:\/\/www.embaseo.com\/index.php?rest_route=\/wp\/v2\/pages\/244"}],"collection":[{"href":"https:\/\/www.embaseo.com\/index.php?rest_route=\/wp\/v2\/pages"}],"about":[{"href":"https:\/\/www.embaseo.com\/index.php?rest_route=\/wp\/v2\/types\/page"}],"author":[{"embeddable":true,"href":"https:\/\/www.embaseo.com\/index.php?rest_route=\/wp\/v2\/users\/1"}],"replies":[{"embeddable":true,"href":"https:\/\/www.embaseo.com\/index.php?rest_route=%2Fwp%2Fv2%2Fcomments&post=244"}],"version-history":[{"count":26,"href":"https:\/\/www.embaseo.com\/index.php?rest_route=\/wp\/v2\/pages\/244\/revisions"}],"predecessor-version":[{"id":2683,"href":"https:\/\/www.embaseo.com\/index.php?rest_route=\/wp\/v2\/pages\/244\/revisions\/2683"}],"wp:attachment":[{"href":"https:\/\/www.embaseo.com\/index.php?rest_route=%2Fwp%2Fv2%2Fmedia&parent=244"}],"curies":[{"name":"wp","href":"https:\/\/api.w.org\/{rel}","templated":true}]}}