{"id":1123,"date":"2019-09-12T17:07:28","date_gmt":"2019-09-12T17:07:28","guid":{"rendered":"http:\/\/www.embaseo.com\/?page_id=1123"},"modified":"2019-10-08T13:18:08","modified_gmt":"2019-10-08T13:18:08","slug":"pagina-principal","status":"publish","type":"page","link":"https:\/\/www.embaseo.com\/","title":{"rendered":"Pagina principal"},"content":{"rendered":"\n<div tabindex=\"0\" class=\"cycloneslider cycloneslider-template-standard cycloneslider-width-responsive\" id=\"cycloneslider-operacion-1\" style=\"max-width:700px\" > <div class=\"cycloneslider-slides cycle-slideshow\" data-cycle-allow-wrap=\"true\" data-cycle-dynamic-height=\"off\" data-cycle-auto-height=\"700:300\" data-cycle-auto-height-easing=\"null\" data-cycle-auto-height-speed=\"250\" data-cycle-delay=\"0\" data-cycle-easing=\"\" data-cycle-fx=\"scrollHorz\" data-cycle-hide-non-active=\"true\" data-cycle-log=\"false\" data-cycle-next=\"#cycloneslider-operacion-1 .cycloneslider-next\" data-cycle-pager=\"#cycloneslider-operacion-1 .cycloneslider-pager\" data-cycle-pause-on-hover=\"true\" data-cycle-prev=\"#cycloneslider-operacion-1 .cycloneslider-prev\" data-cycle-slides=\"&gt; div\" data-cycle-speed=\"2000\" data-cycle-swipe=\"1\" data-cycle-tile-count=\"7\" data-cycle-tile-delay=\"100\" data-cycle-tile-vertical=\"true\" data-cycle-timeout=\"6000\" > <div class=\"cycloneslider-slide cycloneslider-slide-image\" data-cycle-fx=\"tileSlide\" data-cycle-tile-delay=\"100\" data-cycle-tile-vertical=\"true\" > <img src=\"https:\/\/www.embaseo.com\/wp-content\/uploads\/2019\/09\/barridof.png\" alt=\"\" title=\"\" \/> <div class=\"cycloneslider-caption\"> <div class=\"cycloneslider-caption-title\">Barrido de Areas p\u00fablicas<\/div> <div class=\"cycloneslider-caption-description\">Limpieza de residuos en parques y escenarios. <\/div> <\/div> <\/div> <div class=\"cycloneslider-slide cycloneslider-slide-image\" > <img src=\"https:\/\/www.embaseo.com\/wp-content\/uploads\/2019\/09\/barridof2.png\" alt=\"\" title=\"\" \/> <div class=\"cycloneslider-caption\"> <div class=\"cycloneslider-caption-title\">Limpieza de vias<\/div> <div class=\"cycloneslider-caption-description\">Barrido de calles y v\u00edas p\u00fablicas<\/div> <\/div> <\/div> <div class=\"cycloneslider-slide cycloneslider-slide-image\" > <img src=\"https:\/\/www.embaseo.com\/wp-content\/uploads\/2019\/09\/cespedf.png\" alt=\"\" title=\"\" \/> <div class=\"cycloneslider-caption\"> <div class=\"cycloneslider-caption-title\">Cortes de c\u00e9sped y poda de \u00e1rboles<\/div> <div class=\"cycloneslider-caption-description\"> Corte del pasto y ramas de los \u00e1rboles ubicados en \u00e1reas verdes p\u00fablicas sin restricci\u00f3n de acceso, mediante el uso de equipos manuales o mec\u00e1nicos.<\/div> <\/div> <\/div> <div class=\"cycloneslider-slide cycloneslider-slide-image\" > <img src=\"https:\/\/www.embaseo.com\/wp-content\/uploads\/2019\/09\/cestas2f.png\" alt=\"\" title=\"\" \/> <div class=\"cycloneslider-caption\"> <div class=\"cycloneslider-caption-title\">Mantenimiento de cestas<\/div> <div class=\"cycloneslider-caption-description\">Recipientes para depositar residuos en lugares p\u00fablicos<\/div> <\/div> <\/div> <div class=\"cycloneslider-slide cycloneslider-slide-image\" > <img src=\"https:\/\/www.embaseo.com\/wp-content\/uploads\/2019\/09\/limpf.png\" alt=\"\" title=\"\" \/> <\/div> <div class=\"cycloneslider-slide cycloneslider-slide-image\" > <img src=\"https:\/\/www.embaseo.com\/wp-content\/uploads\/2019\/09\/camion-4.png\" alt=\"\" title=\"\" \/> <div class=\"cycloneslider-caption\"> <div class=\"cycloneslider-caption-title\">Transporte de res\u00edduos<\/div> <div class=\"cycloneslider-caption-description\">Traslado de los residuos entre los diferentes sitios comprendidos en la gesti\u00f3n integral. <\/div> <\/div> <\/div> <div class=\"cycloneslider-slide cycloneslider-slide-image\" > <img src=\"https:\/\/www.embaseo.com\/wp-content\/uploads\/2019\/09\/recolf-700x300.png\" alt=\"\" title=\"\" \/> <div class=\"cycloneslider-caption\"> <div class=\"cycloneslider-caption-title\">Recolecci\u00f3n<\/div> <div class=\"cycloneslider-caption-description\">Recolecci\u00f3n de residuos ordinarios de forma programada. Los residuos son domiciliarios o de actividades comerciales, industriaes, o del sector p\u00fablico y de servicios.<\/div> <\/div> <\/div> <div class=\"cycloneslider-slide cycloneslider-slide-image\" > <img src=\"https:\/\/www.embaseo.com\/wp-content\/uploads\/2019\/09\/charcos.png\" alt=\"\" title=\"\" \/> <\/div> <div class=\"cycloneslider-slide cycloneslider-slide-image\" > <img src=\"https:\/\/www.embaseo.com\/wp-content\/uploads\/2019\/09\/imagenCartilla-2.png\" alt=\"\" title=\"\" \/> <\/div> <\/div> <div class=\"cycloneslider-pager\"><\/div> <a href=\"#\" class=\"cycloneslider-prev\"> <span class=\"arrow\"><\/span> <\/a> <a href=\"#\" class=\"cycloneslider-next\"> <span class=\"arrow\"><\/span> <\/a> <\/div>\n\n\n\n<p><\/p>\n\n\n\n<p><\/p>\n\n\n\n<p><strong>EMBASEO S.A E.S.P. <\/strong><\/p>\n\n\n\n<p aligment=\"justify\">La Empresa de Servicios Publicos de Barbosa S A tiene como domicilio principal de su actividad la direcci\u00f3n, CALLE 18 #17 13 en la ciudad de BARBOSA, ANTIOQUIA. El tel\u00e9fono de Empresa De Servicios Publicos De Barbosa S A es el (4)4061879. Esta empresa fu\u00e9 constituida como SOCIEDAD ANONIMA y se dedica a Recoleccion de desechos no peligrosos. <\/p>\n\n\n\n<div class=\"wp-block-image\"><figure class=\"alignleft\"><img decoding=\"async\" loading=\"lazy\" width=\"700\" height=\"300\" src=\"http:\/\/www.embaseo.com\/wp-content\/uploads\/2019\/09\/camion-4.png\" alt=\"\" class=\"wp-image-1421\" srcset=\"https:\/\/www.embaseo.com\/wp-content\/uploads\/2019\/09\/camion-4.png 700w, https:\/\/www.embaseo.com\/wp-content\/uploads\/2019\/09\/camion-4-300x129.png 300w\" sizes=\"(max-width: 700px) 100vw, 700px\" \/><\/figure><\/div>\n","protected":false},"excerpt":{"rendered":"<p>EMBASEO S.A E.S.P. La Empresa de Servicios Publicos de Barbosa S A tiene como domicilio principal de su actividad la direcci\u00f3n, CALLE 18 #17 13 en la ciudad de BARBOSA, ANTIOQUIA. El tel\u00e9fono de Empresa De Servicios Publicos De Barbosa S A es el (4)4061879. Esta empresa fu\u00e9 constituida como SOCIEDAD ANONIMA y se dedica &#8230; <a title=\"Pagina principal\" class=\"read-more\" href=\"https:\/\/www.embaseo.com\/\" aria-label=\"M\u00e1s en Pagina principal\">Leer m\u00e1s<\/a><\/p>\n","protected":false},"author":1,"featured_media":0,"parent":0,"menu_order":0,"comment_status":"closed","ping_status":"closed","template":"","meta":[],"_links":{"self":[{"href":"https:\/\/www.embaseo.com\/index.php?rest_route=\/wp\/v2\/pages\/1123"}],"collection":[{"href":"https:\/\/www.embaseo.com\/index.php?rest_route=\/wp\/v2\/pages"}],"about":[{"href":"https:\/\/www.embaseo.com\/index.php?rest_route=\/wp\/v2\/types\/page"}],"author":[{"embeddable":true,"href":"https:\/\/www.embaseo.com\/index.php?rest_route=\/wp\/v2\/users\/1"}],"replies":[{"embeddable":true,"href":"https:\/\/www.embaseo.com\/index.php?rest_route=%2Fwp%2Fv2%2Fcomments&post=1123"}],"version-history":[{"count":10,"href":"https:\/\/www.embaseo.com\/index.php?rest_route=\/wp\/v2\/pages\/1123\/revisions"}],"predecessor-version":[{"id":2660,"href":"https:\/\/www.embaseo.com\/index.php?rest_route=\/wp\/v2\/pages\/1123\/revisions\/2660"}],"wp:attachment":[{"href":"https:\/\/www.embaseo.com\/index.php?rest_route=%2Fwp%2Fv2%2Fmedia&parent=1123"}],"curies":[{"name":"wp","href":"https:\/\/api.w.org\/{rel}","templated":true}]}}